{"id":67,"date":"2022-09-20T12:13:10","date_gmt":"2022-09-20T10:13:10","guid":{"rendered":"https:\/\/www.axiocomp.de\/?page_id=67"},"modified":"2023-01-23T11:00:24","modified_gmt":"2023-01-23T10:00:24","slug":"impressum","status":"publish","type":"page","link":"https:\/\/www.axiocomp.de\/en\/impressum\/","title":{"rendered":"Legal Notice"},"content":{"rendered":"\t\t<div data-elementor-type=\"wp-page\" data-elementor-id=\"67\" class=\"elementor elementor-67\" data-elementor-post-type=\"page\">\n\t\t\t\t\t\t<section class=\"elementor-section elementor-top-section elementor-element elementor-element-64a9db26 elementor-section-boxed elementor-section-height-default elementor-section-height-default\" data-id=\"64a9db26\" data-element_type=\"section\" data-e-type=\"section\">\n\t\t\t\t\t\t<div class=\"elementor-container elementor-column-gap-default\">\n\t\t\t\t\t<div class=\"elementor-column elementor-col-100 elementor-top-column elementor-element elementor-element-1368986e\" data-id=\"1368986e\" data-element_type=\"column\" data-e-type=\"column\">\n\t\t\t<div class=\"elementor-widget-wrap elementor-element-populated\">\n\t\t\t\t\t\t<div class=\"elementor-element elementor-element-14426090 elementor-widget elementor-widget-text-editor\" data-id=\"14426090\" data-element_type=\"widget\" data-e-type=\"widget\" data-widget_type=\"text-editor.default\">\n\t\t\t\t<div class=\"elementor-widget-container\">\n\t\t\t\t\t\t\t\t\t<h3>Legal Notice \/ Impressum<\/h3>\n<p>SAM Pr\u00e4zisionstechnik GmbH<br>Fu\u00dfbergstra\u00dfe 1<br>D-82131 Gauting<\/p>\n<h3>Kontakt:<\/h3>\n<p>E-Mail: info[at]smart-dental.de<\/p>\n<h3>Registereintrag:<\/h3>\n<p>Eintragung im Handelsregister.<br>Registergericht: Amtsgericht M\u00fcnchen<br>Registernummer: HRB M\u00fcnchen 181410<br>Umsatzsteuer-ID:&nbsp; DE267245905<\/p>\n<h3>Vertreten durch:<\/h3>\n<p>Florian A. Mack<br>Gesch\u00e4ftsf\u00fchrer<\/p>\n<h3>Verantwortlich f\u00fcr den Inhalt<\/h3>\n<p>nach \u00a7 55 Abs. 2 RStV:<br>Florian A. Mack<\/p>\n<h3>Hinweis auf EU-Streitschlichtung:<\/h3>\n<p>Die Europ\u00e4ische Kommission stellt eine Plattform<br>zur Online-Streitbeilegung (OS) bereit<br><a href=\"https:\/\/ec.europa.eu\/consumers\/odr\/main\/index.cfm?event=main.home.chooseLanguage\" target=\"_blank\" rel=\"noopener\">Online-Streitbeilegung<\/a><br>Unsere E-Mail-Adresse finden sie oben im Impressum.<\/p>\n<h3>Haftung fur Inhalte:<\/h3>\n<p>Als Diensteanbieter sind wir gem\u00e4\u00df \u00a7 7 Abs.1 TMG f\u00fcr eigene Inhalte auf diesen Seiten nach den allgemeinen Gesetzen verantwortlich. Nach \u00a7\u00a7 8 bis 10 TMG sind wir als Diensteanbieter jedoch nicht verpflichtet, \u00fcbermittelte oder gespeicherte fremde Informationen zu \u00fcberwachen oder nach Umst\u00e4nden zu forschen, die auf eine rechtswidrige T\u00e4tigkeit hinweisen. Verpflichtungen zur Entfernung oder Sperrung der Nutzung von Informationen nach den allgemeinen Gesetzen bleiben hiervon unber\u00fchrt. Eine diesbez\u00fcgliche Haftung ist jedoch erst ab dem Zeitpunkt der Kenntnis einer konkreten Rechtsverletzung m\u00f6glich. Bei Bekanntwerden von entsprechenden Rechtsverletzungen werden wir diese Inhalte umgehend entfernen.<\/p>\n<h3>Haftung f\u00fcr Links:<\/h3>\n<p>Unser Angebot enth\u00e4lt Links zu externen Webseiten Dritter, auf deren Inhalte wir keinen Einfluss haben. Deshalb k\u00f6nnen wir f\u00fcr diese fremden Inhalte auch keine Gew\u00e4hr \u00fcbernehmen. F\u00fcr die Inhalte der verlinkten Seiten ist stets der jeweilige Anbieter oder Betreiber der Seiten verantwortlich. Die verlinkten Seiten wurden zum Zeitpunkt der Verlinkung auf m\u00f6gliche Rechtsverst\u00f6\u00dfe \u00fcberpr\u00fcft. Rechtswidrige Inhalte waren zum Zeitpunkt der Verlinkung nicht erkennbar. Eine permanente inhaltliche Kontrolle der verlinkten Seiten ist jedoch ohne konkrete Anhaltspunkte einer Rechtsverletzung nicht zumutbar. Bei Bekanntwerden von Rechtsverletzungen werden wir derartige Links umgehend entfernen.<\/p>\n<h3>Rechtliche Hinweise<\/h3>\n<p>Artex ist eine eingetragene Marken der Amann Girrbach GmbH, 75177 Pforzheim, DE<br>KaVo Protar PS ist eine eingetragene Marken der KaVo Dental GmbH, 88400 Biberach, DE<br>Ivoclar Stratos ist eine eingetragene Marken der Ivoclar Vivadent GmbH , 73479 Ellwangen, DE<br>Baumass adresso split ist eine eingetragene Marken der Baumann Dental GmbH, 75196 Remchingen, DE<br>Rosner Quicksplit ist eine eingetragene Marken der Rossner &amp; Sohn GmbH, 87700 Memmingen, DE<br>Gamma Reference SL GAMMA Medizinisch-wisschenschaftliche Fortbildungs Ges.m.b.H., 3400 Klosterneuburg, AU<br>Panadent ist eine eingetragene Marken der Amann Girrbach AG, 6852 Koblach, AU<br>Zirkonzahn Plaster ist eine eingetragene Marken der Zirkonzahn GmbH, 39030 Gais, IT<br>Denar ist eine eingetragene Marken der WhipMix, 40217 Lousiville, USA<br>Panadent ist eine eingetragene Marken der Panadent, Colton 92324, USA<b><br><\/b>Microsoft<sup>\u00ae<\/sup>, Windows<sup>\u00ae<\/sup>, Windows<sup>\u00ae<\/sup> XP, Windows Vista<sup>\u00ae<\/sup>, Windows<sup>\u00ae<\/sup> 7, Windows<sup>\u00ae<\/sup> 10 und Windows<sup>\u00ae<\/sup> 11 sind eingetragene Warenzeichen oder Warenzeichen der Microsoft Corporation in den U.S.A. und anderen L\u00e4ndern.<br>MAC, OS X und Apple sind in den USA und anderen L\u00e4ndern eingetragene Marken von Apple Inc.<\/p>\n<p><br><\/p>\n<p><br><\/p>\t\t\t\t\t\t\t\t<\/div>\n\t\t\t\t<\/div>\n\t\t\t\t\t<\/div>\n\t\t<\/div>\n\t\t\t\t\t<\/div>\n\t\t<\/section>\n\t\t\t\t<\/div>\n\t\t","protected":false},"excerpt":{"rendered":"<p>Legal Notice \/ Impressum SAM Pr\u00e4zisionstechnik GmbHFu\u00dfbergstra\u00dfe 1D-82131 Gauting Kontakt: E-Mail: info[at]smart-dental.de Registereintrag: Eintragung im Handelsregister.Registergericht: Amtsgericht M\u00fcnchenRegisternummer: HRB M\u00fcnchen 181410Umsatzsteuer-ID:&nbsp; DE267245905 Vertreten durch: Florian A. MackGesch\u00e4ftsf\u00fchrer Verantwortlich f\u00fcr den Inhalt nach \u00a7 55 Abs. 2 RStV:Florian A. Mack Hinweis auf EU-Streitschlichtung: Die Europ\u00e4ische Kommission stellt eine Plattformzur Online-Streitbeilegung (OS) bereitOnline-StreitbeilegungUnsere E-Mail-Adresse finden sie oben [&hellip;]<\/p>\n","protected":false},"author":10,"featured_media":0,"parent":0,"menu_order":0,"comment_status":"closed","ping_status":"closed","template":"","meta":{"footnotes":""},"class_list":["post-67","page","type-page","status-publish","hentry"],"yoast_head":"<!-- This site is optimized with the Yoast SEO plugin v27.5 - https:\/\/yoast.com\/product\/yoast-seo-wordpress\/ -->\r\n<title>Impressum - AxioComp<\/title>\r\n<meta name=\"robots\" content=\"index, follow, max-snippet:-1, max-image-preview:large, max-video-preview:-1\" \/>\r\n<link rel=\"canonical\" href=\"https:\/\/www.axiocomp.de\/en\/impressum\/\" \/>\r\n<meta property=\"og:locale\" content=\"en_US\" \/>\r\n<meta property=\"og:type\" content=\"article\" \/>\r\n<meta property=\"og:title\" content=\"Impressum - AxioComp\" \/>\r\n<meta property=\"og:description\" content=\"Legal Notice \/ Impressum SAM Pr\u00e4zisionstechnik GmbHFu\u00dfbergstra\u00dfe 1D-82131 Gauting Kontakt: E-Mail: info[at]smart-dental.de Registereintrag: Eintragung im Handelsregister.Registergericht: Amtsgericht M\u00fcnchenRegisternummer: HRB M\u00fcnchen 181410Umsatzsteuer-ID:&nbsp; DE267245905 Vertreten durch: Florian A. MackGesch\u00e4ftsf\u00fchrer Verantwortlich f\u00fcr den Inhalt nach \u00a7 55 Abs. 2 RStV:Florian A. Mack Hinweis auf EU-Streitschlichtung: Die Europ\u00e4ische Kommission stellt eine Plattformzur Online-Streitbeilegung (OS) bereitOnline-StreitbeilegungUnsere E-Mail-Adresse finden sie oben [&hellip;]\" \/>\r\n<meta property=\"og:url\" content=\"https:\/\/www.axiocomp.de\/en\/impressum\/\" \/>\r\n<meta property=\"og:site_name\" content=\"AxioComp\" \/>\r\n<meta property=\"article:modified_time\" content=\"2023-01-23T10:00:24+00:00\" \/>\r\n<meta name=\"twitter:card\" content=\"summary_large_image\" \/>\r\n<meta name=\"twitter:label1\" content=\"Est. reading time\" \/>\n\t<meta name=\"twitter:data1\" content=\"2 minutes\" \/>\r\n<script type=\"application\/ld+json\" class=\"yoast-schema-graph\">{\"@context\":\"https:\\\/\\\/schema.org\",\"@graph\":[{\"@type\":\"WebPage\",\"@id\":\"https:\\\/\\\/www.axiocomp.de\\\/impressum\\\/\",\"url\":\"https:\\\/\\\/www.axiocomp.de\\\/impressum\\\/\",\"name\":\"Impressum - AxioComp\",\"isPartOf\":{\"@id\":\"https:\\\/\\\/www.axiocomp.de\\\/#website\"},\"datePublished\":\"2022-09-20T10:13:10+00:00\",\"dateModified\":\"2023-01-23T10:00:24+00:00\",\"breadcrumb\":{\"@id\":\"https:\\\/\\\/www.axiocomp.de\\\/impressum\\\/#breadcrumb\"},\"inLanguage\":\"en-US\",\"potentialAction\":[{\"@type\":\"ReadAction\",\"target\":[\"https:\\\/\\\/www.axiocomp.de\\\/impressum\\\/\"]}]},{\"@type\":\"BreadcrumbList\",\"@id\":\"https:\\\/\\\/www.axiocomp.de\\\/impressum\\\/#breadcrumb\",\"itemListElement\":[{\"@type\":\"ListItem\",\"position\":1,\"name\":\"Startseite\",\"item\":\"https:\\\/\\\/www.axiocomp.de\\\/\"},{\"@type\":\"ListItem\",\"position\":2,\"name\":\"Impressum\"}]},{\"@type\":\"WebSite\",\"@id\":\"https:\\\/\\\/www.axiocomp.de\\\/#website\",\"url\":\"https:\\\/\\\/www.axiocomp.de\\\/\",\"name\":\"AxioComp\",\"description\":\"The digital articulator\",\"publisher\":{\"@id\":\"https:\\\/\\\/www.axiocomp.de\\\/#organization\"},\"potentialAction\":[{\"@type\":\"SearchAction\",\"target\":{\"@type\":\"EntryPoint\",\"urlTemplate\":\"https:\\\/\\\/www.axiocomp.de\\\/?s={search_term_string}\"},\"query-input\":{\"@type\":\"PropertyValueSpecification\",\"valueRequired\":true,\"valueName\":\"search_term_string\"}}],\"inLanguage\":\"en-US\"},{\"@type\":\"Organization\",\"@id\":\"https:\\\/\\\/www.axiocomp.de\\\/#organization\",\"name\":\"SAM Pr\u00e4zisionstechnik GmbH\",\"url\":\"https:\\\/\\\/www.axiocomp.de\\\/\",\"logo\":{\"@type\":\"ImageObject\",\"inLanguage\":\"en-US\",\"@id\":\"https:\\\/\\\/www.axiocomp.de\\\/#\\\/schema\\\/logo\\\/image\\\/\",\"url\":\"https:\\\/\\\/www1.axiocomp.de\\\/wp-content\\\/uploads\\\/2022\\\/09\\\/SMART-Dental-Logo-Digital-mit-Text-1000-px.png\",\"contentUrl\":\"https:\\\/\\\/www1.axiocomp.de\\\/wp-content\\\/uploads\\\/2022\\\/09\\\/SMART-Dental-Logo-Digital-mit-Text-1000-px.png\",\"width\":1380,\"height\":1380,\"caption\":\"SAM Pr\u00e4zisionstechnik GmbH\"},\"image\":{\"@id\":\"https:\\\/\\\/www.axiocomp.de\\\/#\\\/schema\\\/logo\\\/image\\\/\"}}]}<\/script>\r\n<!-- \/ Yoast SEO plugin. -->","yoast_head_json":{"title":"Impressum - AxioComp","robots":{"index":"index","follow":"follow","max-snippet":"max-snippet:-1","max-image-preview":"max-image-preview:large","max-video-preview":"max-video-preview:-1"},"canonical":"https:\/\/www.axiocomp.de\/en\/impressum\/","og_locale":"en_US","og_type":"article","og_title":"Impressum - AxioComp","og_description":"Legal Notice \/ Impressum SAM Pr\u00e4zisionstechnik GmbHFu\u00dfbergstra\u00dfe 1D-82131 Gauting Kontakt: E-Mail: info[at]smart-dental.de Registereintrag: Eintragung im Handelsregister.Registergericht: Amtsgericht M\u00fcnchenRegisternummer: HRB M\u00fcnchen 181410Umsatzsteuer-ID:&nbsp; DE267245905 Vertreten durch: Florian A. MackGesch\u00e4ftsf\u00fchrer Verantwortlich f\u00fcr den Inhalt nach \u00a7 55 Abs. 2 RStV:Florian A. Mack Hinweis auf EU-Streitschlichtung: Die Europ\u00e4ische Kommission stellt eine Plattformzur Online-Streitbeilegung (OS) bereitOnline-StreitbeilegungUnsere E-Mail-Adresse finden sie oben [&hellip;]","og_url":"https:\/\/www.axiocomp.de\/en\/impressum\/","og_site_name":"AxioComp","article_modified_time":"2023-01-23T10:00:24+00:00","twitter_card":"summary_large_image","twitter_misc":{"Est. reading time":"2 minutes"},"schema":{"@context":"https:\/\/schema.org","@graph":[{"@type":"WebPage","@id":"https:\/\/www.axiocomp.de\/impressum\/","url":"https:\/\/www.axiocomp.de\/impressum\/","name":"Impressum - AxioComp","isPartOf":{"@id":"https:\/\/www.axiocomp.de\/#website"},"datePublished":"2022-09-20T10:13:10+00:00","dateModified":"2023-01-23T10:00:24+00:00","breadcrumb":{"@id":"https:\/\/www.axiocomp.de\/impressum\/#breadcrumb"},"inLanguage":"en-US","potentialAction":[{"@type":"ReadAction","target":["https:\/\/www.axiocomp.de\/impressum\/"]}]},{"@type":"BreadcrumbList","@id":"https:\/\/www.axiocomp.de\/impressum\/#breadcrumb","itemListElement":[{"@type":"ListItem","position":1,"name":"Startseite","item":"https:\/\/www.axiocomp.de\/"},{"@type":"ListItem","position":2,"name":"Impressum"}]},{"@type":"WebSite","@id":"https:\/\/www.axiocomp.de\/#website","url":"https:\/\/www.axiocomp.de\/","name":"AxioComp","description":"The digital articulator","publisher":{"@id":"https:\/\/www.axiocomp.de\/#organization"},"potentialAction":[{"@type":"SearchAction","target":{"@type":"EntryPoint","urlTemplate":"https:\/\/www.axiocomp.de\/?s={search_term_string}"},"query-input":{"@type":"PropertyValueSpecification","valueRequired":true,"valueName":"search_term_string"}}],"inLanguage":"en-US"},{"@type":"Organization","@id":"https:\/\/www.axiocomp.de\/#organization","name":"\u00a9 2022 SAM Pr\u00e4zisionstechnik GmbH","url":"https:\/\/www.axiocomp.de\/","logo":{"@type":"ImageObject","inLanguage":"en-US","@id":"https:\/\/www.axiocomp.de\/#\/schema\/logo\/image\/","url":"https:\/\/www1.axiocomp.de\/wp-content\/uploads\/2022\/09\/SMART-Dental-Logo-Digital-mit-Text-1000-px.png","contentUrl":"https:\/\/www1.axiocomp.de\/wp-content\/uploads\/2022\/09\/SMART-Dental-Logo-Digital-mit-Text-1000-px.png","width":1380,"height":1380,"caption":"SAM Pr\u00e4zisionstechnik GmbH"},"image":{"@id":"https:\/\/www.axiocomp.de\/#\/schema\/logo\/image\/"}}]}},"_links":{"self":[{"href":"https:\/\/www.axiocomp.de\/en\/wp-json\/wp\/v2\/pages\/67","targetHints":{"allow":["GET"]}}],"collection":[{"href":"https:\/\/www.axiocomp.de\/en\/wp-json\/wp\/v2\/pages"}],"about":[{"href":"https:\/\/www.axiocomp.de\/en\/wp-json\/wp\/v2\/types\/page"}],"author":[{"embeddable":true,"href":"https:\/\/www.axiocomp.de\/en\/wp-json\/wp\/v2\/users\/10"}],"replies":[{"embeddable":true,"href":"https:\/\/www.axiocomp.de\/en\/wp-json\/wp\/v2\/comments?post=67"}],"version-history":[{"count":0,"href":"https:\/\/www.axiocomp.de\/en\/wp-json\/wp\/v2\/pages\/67\/revisions"}],"wp:attachment":[{"href":"https:\/\/www.axiocomp.de\/en\/wp-json\/wp\/v2\/media?parent=67"}],"curies":[{"name":"wp","href":"https:\/\/api.w.org\/{rel}","templated":true}]}}